{"id":7274,"date":"2025-02-24T15:09:07","date_gmt":"2025-02-24T14:09:07","guid":{"rendered":"http:\/\/hotelgiardino.youelba.com\/isola-delba\/"},"modified":"2025-03-05T09:45:51","modified_gmt":"2025-03-05T08:45:51","slug":"insel-elba","status":"publish","type":"page","link":"https:\/\/www.elbahotelgiardino.it\/de\/insel-elba\/","title":{"rendered":"Insel Elba"},"content":{"rendered":"\t\t<div data-elementor-type=\"wp-page\" data-elementor-id=\"7274\" class=\"elementor elementor-7274 elementor-6477\">\n\t\t\t\t<div class=\"no elementor-element elementor-element-fa8bfd6 e-flex e-con-boxed rt-default-class e-con e-parent\" data-id=\"fa8bfd6\" data-element_type=\"container\">\n\t\t\t\t\t<div class=\"e-con-inner\">\n\t\t\t\t<div class=\"elementor-element elementor-element-79c0455 elementor-widget elementor-widget-html\" data-id=\"79c0455\" data-element_type=\"widget\" data-widget_type=\"html.default\">\n\t\t\t\t<div class=\"elementor-widget-container\">\n\t\t\t\t\t<div class=\"quickSearch\"><\/div>\t\t\t\t<\/div>\n\t\t\t\t<\/div>\n\t\t\t\t\t<\/div>\n\t\t\t\t<\/div>\n\t\t<div class=\"no elementor-element elementor-element-cd3fc20 e-flex e-con-boxed rt-default-class e-con e-parent\" data-id=\"cd3fc20\" data-element_type=\"container\">\n\t\t\t\t\t<div class=\"e-con-inner\">\n\t\t<div class=\"no elementor-element elementor-element-e3edccb e-con-full e-flex rt-default-class e-con e-child\" data-id=\"e3edccb\" data-element_type=\"container\">\n\t\t\t\t<div class=\"elementor-element elementor-element-518fb3e elementor-widget elementor-widget-image\" data-id=\"518fb3e\" data-element_type=\"widget\" data-widget_type=\"image.default\">\n\t\t\t\t<div class=\"elementor-widget-container\">\n\t\t\t\t\t\t\t\t\t\t\t\t\t\t\t<img fetchpriority=\"high\" decoding=\"async\" width=\"750\" height=\"850\" src=\"https:\/\/www.elbahotelgiardino.it\/wp-content\/uploads\/2025\/02\/spiaggia-lacona-1.jpg\" class=\"attachment-full size-full wp-image-6505\" alt=\"Spiaggia di Lacona\" srcset=\"https:\/\/www.elbahotelgiardino.it\/wp-content\/uploads\/2025\/02\/spiaggia-lacona-1.jpg 750w, https:\/\/www.elbahotelgiardino.it\/wp-content\/uploads\/2025\/02\/spiaggia-lacona-1-265x300.jpg 265w, https:\/\/www.elbahotelgiardino.it\/wp-content\/uploads\/2025\/02\/spiaggia-lacona-1-600x680.jpg 600w\" sizes=\"(max-width: 750px) 100vw, 750px\" \/>\t\t\t\t\t\t\t\t\t\t\t\t\t\t\t<\/div>\n\t\t\t\t<\/div>\n\t\t\t\t<div class=\"elementor-element elementor-element-f5e9ec8 elementor-widget elementor-widget-image\" data-id=\"f5e9ec8\" data-element_type=\"widget\" data-widget_type=\"image.default\">\n\t\t\t\t<div class=\"elementor-widget-container\">\n\t\t\t\t\t\t\t\t\t\t\t\t\t\t\t<img decoding=\"async\" width=\"750\" height=\"1000\" src=\"https:\/\/www.elbahotelgiardino.it\/wp-content\/uploads\/2025\/02\/spiaggia-lacona-16.jpg\" class=\"attachment-full size-full wp-image-6503\" alt=\"Spiaggia di Lacona\" srcset=\"https:\/\/www.elbahotelgiardino.it\/wp-content\/uploads\/2025\/02\/spiaggia-lacona-16.jpg 750w, https:\/\/www.elbahotelgiardino.it\/wp-content\/uploads\/2025\/02\/spiaggia-lacona-16-225x300.jpg 225w, https:\/\/www.elbahotelgiardino.it\/wp-content\/uploads\/2025\/02\/spiaggia-lacona-16-600x800.jpg 600w\" sizes=\"(max-width: 750px) 100vw, 750px\" \/>\t\t\t\t\t\t\t\t\t\t\t\t\t\t\t<\/div>\n\t\t\t\t<\/div>\n\t\t\t\t<\/div>\n\t\t<div class=\"no elementor-element elementor-element-9db5d67 e-con-full e-flex rt-default-class e-con e-child\" data-id=\"9db5d67\" data-element_type=\"container\">\n\t\t\t\t<div class=\"elementor-element elementor-element-346a7d2 elementor-widget__width-initial elementor-widget-mobile__width-inherit elementor-invisible elementor-widget elementor-widget-heading\" data-id=\"346a7d2\" data-element_type=\"widget\" data-settings=\"{&quot;_animation&quot;:&quot;fadeInUp&quot;,&quot;_animation_delay&quot;:200}\" data-widget_type=\"heading.default\">\n\t\t\t\t<div class=\"elementor-widget-container\">\n\t\t\t\t\t<h2 class=\"elementor-heading-title elementor-size-default\">Natur, Geschichte und kristallklares Meer<\/h2>\t\t\t\t<\/div>\n\t\t\t\t<\/div>\n\t\t\t\t<div class=\"elementor-element elementor-element-b6fb4b7 elementor-invisible elementor-widget elementor-widget-text-editor\" data-id=\"b6fb4b7\" data-element_type=\"widget\" data-settings=\"{&quot;_animation&quot;:&quot;fadeInUp&quot;,&quot;_animation_delay&quot;:400}\" data-widget_type=\"text-editor.default\">\n\t\t\t\t<div class=\"elementor-widget-container\">\n\t\t\t\t\t\t\t\t\t<p>Mit einer Fl\u00e4che von 224 km\u00b2 ist die Insel Elba die drittgr\u00f6\u00dfte Insel Italiens und die gr\u00f6\u00dfte des Toskanischen Archipels. Sie liegt nur 10 km von der K\u00fcste entfernt und ist von Piombino Marittima aus leicht erreichbar. Mehrere F\u00e4hren und Tragfl\u00fcgelboote verkehren t\u00e4glich und verbinden die Insel in etwa einer Stunde \u00dcberfahrt mit dem Festland.<\/p><p>Elba hat rund 35.000 Einwohner, die sich auf sieben Gemeinden verteilen. Portoferraio, die Inselhauptstadt, ist mit etwa 12.000 Einwohnern die gr\u00f6\u00dfte. Die weiteren Gemeinden sind Capoliveri, Campo nell\u2019Elba, Porto Azzurro, Marciana, Marciana Marina und Rio.<\/p>\t\t\t\t\t\t\t\t<\/div>\n\t\t\t\t<\/div>\n\t\t\t\t<\/div>\n\t\t\t\t\t<\/div>\n\t\t\t\t<\/div>\n\t\t<div class=\"no elementor-element elementor-element-0176c19 e-con-full e-flex rt-default-class e-con e-parent\" data-id=\"0176c19\" data-element_type=\"container\" data-settings=\"{&quot;background_background&quot;:&quot;classic&quot;}\">\n\t\t\t\t<div class=\"elementor-element elementor-element-11f6010 elementor-widget elementor-widget-image\" data-id=\"11f6010\" data-element_type=\"widget\" data-widget_type=\"image.default\">\n\t\t\t\t<div class=\"elementor-widget-container\">\n\t\t\t\t\t\t\t\t\t\t\t\t\t\t\t<img decoding=\"async\" width=\"1920\" height=\"1080\" src=\"https:\/\/www.elbahotelgiardino.it\/wp-content\/uploads\/2025\/02\/mare-elba-24.jpg\" class=\"attachment-full size-full wp-image-6486\" alt=\"Mare cristallino dell&#039;Isola d&#039;Elba\" srcset=\"https:\/\/www.elbahotelgiardino.it\/wp-content\/uploads\/2025\/02\/mare-elba-24.jpg 1920w, https:\/\/www.elbahotelgiardino.it\/wp-content\/uploads\/2025\/02\/mare-elba-24-300x169.jpg 300w, https:\/\/www.elbahotelgiardino.it\/wp-content\/uploads\/2025\/02\/mare-elba-24-1024x576.jpg 1024w, https:\/\/www.elbahotelgiardino.it\/wp-content\/uploads\/2025\/02\/mare-elba-24-768x432.jpg 768w, https:\/\/www.elbahotelgiardino.it\/wp-content\/uploads\/2025\/02\/mare-elba-24-1536x864.jpg 1536w, https:\/\/www.elbahotelgiardino.it\/wp-content\/uploads\/2025\/02\/mare-elba-24-600x338.jpg 600w\" sizes=\"(max-width: 1920px) 100vw, 1920px\" \/>\t\t\t\t\t\t\t\t\t\t\t\t\t\t\t<\/div>\n\t\t\t\t<\/div>\n\t\t\t\t<\/div>\n\t\t<div class=\"no elementor-element elementor-element-8622410 e-flex e-con-boxed rt-default-class e-con e-parent\" data-id=\"8622410\" data-element_type=\"container\">\n\t\t\t\t\t<div class=\"e-con-inner\">\n\t\t<div class=\"no elementor-element elementor-element-41626c5 e-con-full e-flex rt-default-class e-con e-child\" data-id=\"41626c5\" data-element_type=\"container\">\n\t\t\t\t<div class=\"elementor-element elementor-element-4a24449 elementor-widget__width-initial elementor-widget-mobile__width-inherit elementor-invisible elementor-widget elementor-widget-heading\" data-id=\"4a24449\" data-element_type=\"widget\" data-settings=\"{&quot;_animation&quot;:&quot;fadeInUp&quot;,&quot;_animation_delay&quot;:200}\" data-widget_type=\"heading.default\">\n\t\t\t\t<div class=\"elementor-widget-container\">\n\t\t\t\t\t<h2 class=\"elementor-heading-title elementor-size-default\">Eine Insel mit tausend Facetten<\/h2>\t\t\t\t<\/div>\n\t\t\t\t<\/div>\n\t\t\t\t<div class=\"elementor-element elementor-element-2cbd784 elementor-invisible elementor-widget elementor-widget-text-editor\" data-id=\"2cbd784\" data-element_type=\"widget\" data-settings=\"{&quot;_animation&quot;:&quot;fadeInUp&quot;,&quot;_animation_delay&quot;:400}\" data-widget_type=\"text-editor.default\">\n\t\t\t\t<div class=\"elementor-widget-container\">\n\t\t\t\t\t\t\t\t\t<p>Trotz einer K\u00fcstenlinie von nur 147 km bietet die Insel Elba eine au\u00dfergew\u00f6hnliche Vielfalt an Landschaften. Von malerischen Fischerd\u00f6rfern bis zu mittelalterlichen Festungen, von goldenen Sandstr\u00e4nden und versteckten Kiesbuchten bis zu steilen Klippen \u00fcber dem Meer \u2013 Elba ist eine Insel voller \u00dcberraschungen.<\/p><p>Das Gebiet wird vom Monte Capanne dominiert, der mit 1.019 Metern die h\u00f6chste Erhebung des Archipels ist. Innerhalb weniger Minuten kann man von den felsigen Steilk\u00fcsten mit t\u00fcrkisfarbenem Wasser in dichte W\u00e4lder und atemberaubende Panoramen eintauchen, die sich \u00fcber das gesamte Toskanische Archipel erstrecken.<\/p><p>Neben ihrer nat\u00fcrlichen Sch\u00f6nheit bewahrt Elba ein reiches historisches und kulturelles Erbe. Spuren der Vergangenheit reichen von den Etruskern \u00fcber die R\u00f6mer bis hin zu den Medici-Festungen und der napoleonischen \u00c4ra. Diese einzigartige Kombination aus Natur, Geschichte und Traditionen macht die Insel Elba zu einem besonderen Reiseziel f\u00fcr alle, die Meer, Wanderungen und Kultur suchen.<\/p>\t\t\t\t\t\t\t\t<\/div>\n\t\t\t\t<\/div>\n\t\t\t\t<\/div>\n\t\t<div class=\"no elementor-element elementor-element-d6ffe02 e-con-full e-flex rt-default-class e-con e-child\" data-id=\"d6ffe02\" data-element_type=\"container\">\n\t\t\t\t<div class=\"elementor-element elementor-element-45b0b77 elementor-widget elementor-widget-image\" data-id=\"45b0b77\" data-element_type=\"widget\" data-widget_type=\"image.default\">\n\t\t\t\t<div class=\"elementor-widget-container\">\n\t\t\t\t\t\t\t\t\t\t\t\t\t\t\t<img loading=\"lazy\" decoding=\"async\" width=\"750\" height=\"1000\" src=\"https:\/\/www.elbahotelgiardino.it\/wp-content\/uploads\/2025\/02\/capoliveri-IE_1118.jpg\" class=\"attachment-full size-full wp-image-6510\" alt=\"Piazza Giacomo Matteotti a Capoliveri\" srcset=\"https:\/\/www.elbahotelgiardino.it\/wp-content\/uploads\/2025\/02\/capoliveri-IE_1118.jpg 750w, https:\/\/www.elbahotelgiardino.it\/wp-content\/uploads\/2025\/02\/capoliveri-IE_1118-225x300.jpg 225w, https:\/\/www.elbahotelgiardino.it\/wp-content\/uploads\/2025\/02\/capoliveri-IE_1118-600x800.jpg 600w\" sizes=\"(max-width: 750px) 100vw, 750px\" \/>\t\t\t\t\t\t\t\t\t\t\t\t\t\t\t<\/div>\n\t\t\t\t<\/div>\n\t\t\t\t<div class=\"elementor-element elementor-element-29c970f elementor-widget elementor-widget-image\" data-id=\"29c970f\" data-element_type=\"widget\" data-widget_type=\"image.default\">\n\t\t\t\t<div class=\"elementor-widget-container\">\n\t\t\t\t\t\t\t\t\t\t\t\t\t\t\t<img loading=\"lazy\" decoding=\"async\" width=\"750\" height=\"850\" src=\"https:\/\/www.elbahotelgiardino.it\/wp-content\/uploads\/2025\/02\/monte-capanne-IE_0029.jpg\" class=\"attachment-full size-full wp-image-6506\" alt=\"Vista sul Monte Capanne ripreso con il drone\" srcset=\"https:\/\/www.elbahotelgiardino.it\/wp-content\/uploads\/2025\/02\/monte-capanne-IE_0029.jpg 750w, https:\/\/www.elbahotelgiardino.it\/wp-content\/uploads\/2025\/02\/monte-capanne-IE_0029-265x300.jpg 265w, https:\/\/www.elbahotelgiardino.it\/wp-content\/uploads\/2025\/02\/monte-capanne-IE_0029-600x680.jpg 600w\" sizes=\"(max-width: 750px) 100vw, 750px\" \/>\t\t\t\t\t\t\t\t\t\t\t\t\t\t\t<\/div>\n\t\t\t\t<\/div>\n\t\t\t\t<\/div>\n\t\t\t\t\t<\/div>\n\t\t\t\t<\/div>\n\t\t\t\t<\/div>\n\t\t","protected":false},"excerpt":{"rendered":"<p>Natur, Geschichte und kristallklares Meer Mit einer Fl\u00e4che von 224 km\u00b2 ist die Insel Elba die drittgr\u00f6\u00dfte Insel Italiens und die gr\u00f6\u00dfte des Toskanischen Archipels. Sie liegt nur 10 km von der K\u00fcste entfernt und ist von Piombino Marittima aus leicht erreichbar. Mehrere F\u00e4hren und Tragfl\u00fcgelboote verkehren t\u00e4glich und verbinden die Insel in etwa einer&#8230;<\/p>\n","protected":false},"author":2,"featured_media":0,"parent":0,"menu_order":0,"comment_status":"closed","ping_status":"closed","template":"elementor_header_footer","meta":{"footnotes":""},"class_list":["post-7274","page","type-page","status-publish","hentry"],"_links":{"self":[{"href":"https:\/\/www.elbahotelgiardino.it\/de\/wp-json\/wp\/v2\/pages\/7274","targetHints":{"allow":["GET"]}}],"collection":[{"href":"https:\/\/www.elbahotelgiardino.it\/de\/wp-json\/wp\/v2\/pages"}],"about":[{"href":"https:\/\/www.elbahotelgiardino.it\/de\/wp-json\/wp\/v2\/types\/page"}],"author":[{"embeddable":true,"href":"https:\/\/www.elbahotelgiardino.it\/de\/wp-json\/wp\/v2\/users\/2"}],"replies":[{"embeddable":true,"href":"https:\/\/www.elbahotelgiardino.it\/de\/wp-json\/wp\/v2\/comments?post=7274"}],"version-history":[{"count":5,"href":"https:\/\/www.elbahotelgiardino.it\/de\/wp-json\/wp\/v2\/pages\/7274\/revisions"}],"predecessor-version":[{"id":7590,"href":"https:\/\/www.elbahotelgiardino.it\/de\/wp-json\/wp\/v2\/pages\/7274\/revisions\/7590"}],"wp:attachment":[{"href":"https:\/\/www.elbahotelgiardino.it\/de\/wp-json\/wp\/v2\/media?parent=7274"}],"curies":[{"name":"wp","href":"https:\/\/api.w.org\/{rel}","templated":true}]}}