{"id":7284,"date":"2025-02-24T12:21:04","date_gmt":"2025-02-24T11:21:04","guid":{"rendered":"http:\/\/hotelgiardino.youelba.com\/prenotazione-traghetto\/"},"modified":"2025-04-17T08:05:47","modified_gmt":"2025-04-17T06:05:47","slug":"faehrbuchung","status":"publish","type":"page","link":"https:\/\/www.elbahotelgiardino.it\/de\/faehrbuchung\/","title":{"rendered":"F\u00e4hrbuchung"},"content":{"rendered":"\t\t<div data-elementor-type=\"wp-page\" data-elementor-id=\"7284\" class=\"elementor elementor-7284 elementor-6396\">\n\t\t\t\t<div class=\"no elementor-element elementor-element-eadc243 e-flex e-con-boxed rt-default-class e-con e-parent\" data-id=\"eadc243\" data-element_type=\"container\">\n\t\t\t\t\t<div class=\"e-con-inner\">\n\t\t\t\t<div class=\"elementor-element elementor-element-8eeb1d7 elementor-invisible elementor-widget elementor-widget-heading\" data-id=\"8eeb1d7\" data-element_type=\"widget\" data-settings=\"{&quot;_animation&quot;:&quot;fadeInUp&quot;}\" data-widget_type=\"heading.default\">\n\t\t\t\t<div class=\"elementor-widget-container\">\n\t\t\t\t\t<h2 class=\"elementor-heading-title elementor-size-default\">Rabatte und Sonderangebote f\u00fcr F\u00e4hren<\/h2>\t\t\t\t<\/div>\n\t\t\t\t<\/div>\n\t\t\t\t<div class=\"elementor-element elementor-element-4dc9a45 elementor-widget elementor-widget-text-editor\" data-id=\"4dc9a45\" data-element_type=\"widget\" data-widget_type=\"text-editor.default\">\n\t\t\t\t<div class=\"elementor-widget-container\">\n\t\t\t\t\t\t\t\t\t<p>Die Insel Elba ist leicht erreichbar, indem man in Piombino Marittima an Bord geht, von wo aus t\u00e4glich zahlreiche F\u00e4hren nach Portoferraio, Rio Marina und Cavo abfahren. Mehrere F\u00e4hrgesellschaften bieten regelm\u00e4\u00dfige und komfortable \u00dcberfahrten an, die eine schnelle Verbindung zur Insel gew\u00e4hrleisten.<\/p><p>Dank unserer exklusiven Vereinbarungen k\u00f6nnen unsere G\u00e4ste die F\u00e4hre zu erm\u00e4\u00dfigten Tarifen buchen und von besonderen Vorteilen profitieren!<\/p>\t\t\t\t\t\t\t\t<\/div>\n\t\t\t\t<\/div>\n\t\t\t\t\t<\/div>\n\t\t\t\t<\/div>\n\t\t<div class=\"no elementor-element elementor-element-18c1af9 e-flex e-con-boxed rt-default-class e-con e-parent\" data-id=\"18c1af9\" data-element_type=\"container\">\n\t\t\t\t\t<div class=\"e-con-inner\">\n\t\t<div class=\"no elementor-element elementor-element-757e2a9 e-con-full e-flex rt-default-class e-con e-child\" data-id=\"757e2a9\" data-element_type=\"container\">\n\t\t\t\t<div class=\"elementor-element elementor-element-fad6432 elementor-widget elementor-widget-image\" data-id=\"fad6432\" data-element_type=\"widget\" data-widget_type=\"image.default\">\n\t\t\t\t<div class=\"elementor-widget-container\">\n\t\t\t\t\t\t\t\t\t\t\t\t\t\t\t\t<a href=\"\/de\/faehrbuchung\/blu-navy\/\">\n\t\t\t\t\t\t\t<img fetchpriority=\"high\" decoding=\"async\" width=\"300\" height=\"300\" src=\"https:\/\/www.elbahotelgiardino.it\/wp-content\/uploads\/2025\/04\/blu-navy-v1.gif\" class=\"attachment-full size-full wp-image-7691\" alt=\"\" \/>\t\t\t\t\t\t\t\t<\/a>\n\t\t\t\t\t\t\t\t\t\t\t\t\t\t\t<\/div>\n\t\t\t\t<\/div>\n\t\t\t\t<\/div>\n\t\t<div class=\"no elementor-element elementor-element-7a8711e e-con-full e-flex rt-default-class e-con e-child\" data-id=\"7a8711e\" data-element_type=\"container\">\n\t\t\t\t<div class=\"elementor-element elementor-element-1fe6833 elementor-widget elementor-widget-image\" data-id=\"1fe6833\" data-element_type=\"widget\" data-widget_type=\"image.default\">\n\t\t\t\t<div class=\"elementor-widget-container\">\n\t\t\t\t\t\t\t\t\t\t\t\t\t\t\t\t<a href=\"\/de\/faehrbuchung\/traghettiper\/\">\n\t\t\t\t\t\t\t<img decoding=\"async\" width=\"180\" height=\"180\" src=\"https:\/\/www.elbahotelgiardino.it\/wp-content\/uploads\/2025\/04\/Banner-TraghettiPer-Elba4.jpg\" class=\"attachment-full size-full wp-image-7694\" alt=\"\" srcset=\"https:\/\/www.elbahotelgiardino.it\/wp-content\/uploads\/2025\/04\/Banner-TraghettiPer-Elba4.jpg 180w, https:\/\/www.elbahotelgiardino.it\/wp-content\/uploads\/2025\/04\/Banner-TraghettiPer-Elba4-150x150.jpg 150w, https:\/\/www.elbahotelgiardino.it\/wp-content\/uploads\/2025\/04\/Banner-TraghettiPer-Elba4-87x87.jpg 87w\" sizes=\"(max-width: 180px) 100vw, 180px\" \/>\t\t\t\t\t\t\t\t<\/a>\n\t\t\t\t\t\t\t\t\t\t\t\t\t\t\t<\/div>\n\t\t\t\t<\/div>\n\t\t\t\t<\/div>\n\t\t<div class=\"no elementor-element elementor-element-1cb786f e-con-full e-flex rt-default-class e-con e-child\" data-id=\"1cb786f\" data-element_type=\"container\">\n\t\t\t\t<div class=\"elementor-element elementor-element-9e751b3 elementor-widget elementor-widget-image\" data-id=\"9e751b3\" data-element_type=\"widget\" data-widget_type=\"image.default\">\n\t\t\t\t<div class=\"elementor-widget-container\">\n\t\t\t\t\t\t\t\t\t\t\t\t\t\t\t\t<a href=\"\/de\/faehrbuchung\/traghettilines\/\">\n\t\t\t\t\t\t\t<img decoding=\"async\" width=\"180\" height=\"150\" src=\"https:\/\/www.elbahotelgiardino.it\/wp-content\/uploads\/2025\/04\/banner-traghettilines.gif\" class=\"attachment-full size-full wp-image-7697\" alt=\"\" \/>\t\t\t\t\t\t\t\t<\/a>\n\t\t\t\t\t\t\t\t\t\t\t\t\t\t\t<\/div>\n\t\t\t\t<\/div>\n\t\t\t\t<\/div>\n\t\t\t\t\t<\/div>\n\t\t\t\t<\/div>\n\t\t\t\t<\/div>\n\t\t","protected":false},"excerpt":{"rendered":"<p>Rabatte und Sonderangebote f\u00fcr F\u00e4hren Die Insel Elba ist leicht erreichbar, indem man in Piombino Marittima an Bord geht, von wo aus t\u00e4glich zahlreiche F\u00e4hren nach Portoferraio, Rio Marina und Cavo abfahren. Mehrere F\u00e4hrgesellschaften bieten regelm\u00e4\u00dfige und komfortable \u00dcberfahrten an, die eine schnelle Verbindung zur Insel gew\u00e4hrleisten. Dank unserer exklusiven Vereinbarungen k\u00f6nnen unsere G\u00e4ste die&#8230;<\/p>\n","protected":false},"author":2,"featured_media":0,"parent":0,"menu_order":0,"comment_status":"closed","ping_status":"closed","template":"elementor_header_footer","meta":{"footnotes":""},"class_list":["post-7284","page","type-page","status-publish","hentry"],"_links":{"self":[{"href":"https:\/\/www.elbahotelgiardino.it\/de\/wp-json\/wp\/v2\/pages\/7284","targetHints":{"allow":["GET"]}}],"collection":[{"href":"https:\/\/www.elbahotelgiardino.it\/de\/wp-json\/wp\/v2\/pages"}],"about":[{"href":"https:\/\/www.elbahotelgiardino.it\/de\/wp-json\/wp\/v2\/types\/page"}],"author":[{"embeddable":true,"href":"https:\/\/www.elbahotelgiardino.it\/de\/wp-json\/wp\/v2\/users\/2"}],"replies":[{"embeddable":true,"href":"https:\/\/www.elbahotelgiardino.it\/de\/wp-json\/wp\/v2\/comments?post=7284"}],"version-history":[{"count":5,"href":"https:\/\/www.elbahotelgiardino.it\/de\/wp-json\/wp\/v2\/pages\/7284\/revisions"}],"predecessor-version":[{"id":7702,"href":"https:\/\/www.elbahotelgiardino.it\/de\/wp-json\/wp\/v2\/pages\/7284\/revisions\/7702"}],"wp:attachment":[{"href":"https:\/\/www.elbahotelgiardino.it\/de\/wp-json\/wp\/v2\/media?parent=7284"}],"curies":[{"name":"wp","href":"https:\/\/api.w.org\/{rel}","templated":true}]}}