{"id":10059,"date":"2026-02-08T12:14:48","date_gmt":"2026-02-08T11:14:48","guid":{"rendered":"https:\/\/www.elbahotelgiardino.it\/?page_id=10059"},"modified":"2026-02-08T12:14:49","modified_gmt":"2026-02-08T11:14:49","slug":"routes-de-trekking-faciles-sur-lile-delbe-guide-complet","status":"publish","type":"page","link":"https:\/\/www.elbahotelgiardino.it\/fr\/routes-de-trekking-faciles-sur-lile-delbe-guide-complet\/","title":{"rendered":"Routes de trekking faciles sur l\u2019\u00eele d\u2019Elbe\u00a0\u2013 Guide complet"},"content":{"rendered":"<div class=\"wp-block-image\">\n<figure class=\"aligncenter size-full is-resized\"><a href=\"https:\/\/smartbooking.hotelnet.biz\/home\/main?hotel=7923&amp;channel=0000&amp;lingua=FR\"><img fetchpriority=\"high\" decoding=\"async\" width=\"1024\" height=\"1024\" src=\"https:\/\/www.elbahotelgiardino.it\/wp-content\/uploads\/2026\/02\/offerta-francese.png\" alt=\"\" class=\"wp-image-10048\" style=\"width:500px\" srcset=\"https:\/\/www.elbahotelgiardino.it\/wp-content\/uploads\/2026\/02\/offerta-francese.png 1024w, https:\/\/www.elbahotelgiardino.it\/wp-content\/uploads\/2026\/02\/offerta-francese-300x300.png 300w, https:\/\/www.elbahotelgiardino.it\/wp-content\/uploads\/2026\/02\/offerta-francese-150x150.png 150w, https:\/\/www.elbahotelgiardino.it\/wp-content\/uploads\/2026\/02\/offerta-francese-768x768.png 768w, https:\/\/www.elbahotelgiardino.it\/wp-content\/uploads\/2026\/02\/offerta-francese-87x87.png 87w\" sizes=\"(max-width: 1024px) 100vw, 1024px\" \/><\/a><\/figure>\n<\/div>\n\n\n<h2 class=\"wp-block-heading\">Introduction<\/h2>\n\n\n\n<p>L\u2019\u00eele d\u2019Elbe est une destination parfaite pour ceux qui aiment s\u2019immerger dans la nature et d\u00e9couvrir des paysages \u00e9poustouflants \u00e0 un rythme tranquille. Avec des chemins panoramiques, des plages dor\u00e9es, des bois parfum\u00e9s et de petits villages surplombant la mer, Elbe offre une vari\u00e9t\u00e9 incroyable d\u2019itin\u00e9raires adapt\u00e9s \u00e0 tous, m\u00eame \u00e0 ceux qui recherchent des promenades simples et relaxantes .<\/p>\n\n\n\n<p>Dans ce guide d\u00e9di\u00e9, l\u2019\u00e9quipe de l\u2019<strong>H\u00f4tel&nbsp;Giardino<\/strong> vous emm\u00e8ne sur les meilleurs parcours de trekking faciles de l\u2019\u00eele, id\u00e9aux pour les familles, les couples ou ceux qui veulent profiter de la beaut\u00e9 du paysage sans affronter de grandes mont\u00e9es . Chaque sentier raconte une histoire&nbsp;: une nature luxuriante embrassant la mer, d\u2019anciennes mines, des points de vue qui changent \u00e0 chaque virage et des couchers de soleil qui peignent les falaises de rouge . Marcher le long de ces chemins est la mani\u00e8re la plus authentique de d\u00e9couvrir l\u2019\u00e2me d\u2019Elbe .<\/p>\n\n\n\n<h2 class=\"wp-block-heading\">Quels itin\u00e9raires de trekking faciles sont les meilleurs pour les familles sur Elbe&nbsp;?<\/h2>\n\n\n\n<p>Elbe propose de nombreux parcours panoramiques de faible difficult\u00e9, parfaits pour les familles avec enfants et les randonneurs d\u00e9butants . Le personnel a s\u00e9lectionn\u00e9 une s\u00e9rie de sentiers courts mais spectaculaires qui combinent le plaisir de la marche et la d\u00e9tente sur la plage .<\/p>\n\n\n\n<h3 class=\"wp-block-heading\">Passeggiata&nbsp;Carmignani (Porto&nbsp;Azzurro&nbsp;\u2013 plage de Barbarossa)<\/h3>\n\n\n\n<ul class=\"wp-block-list\">\n<li><strong>Distance\/temps\u00a0:<\/strong> environ 1,6\u00a0km, 15\u00a0minutes .<\/li>\n\n\n\n<li><strong>Difficult\u00e9\u00a0:<\/strong> tr\u00e8s facile\u00a0; pratiquement plat et \u00e9clair\u00e9 .<\/li>\n\n\n\n<li><strong>Description\u00a0:<\/strong> ce chemin am\u00e9nag\u00e9 avec des bancs donnant sur la mer relie la ville de Porto\u00a0Azzurro \u00e0 la plage de Barbarossa. Parce qu\u2019il est presque de niveau et bien \u00e9clair\u00e9, il est id\u00e9al pour les poussettes et les enfants .<\/li>\n<\/ul>\n\n\n\n<h3 class=\"wp-block-heading\">Promenade au lac de Terranera (Plage de Barbarossa&nbsp;\u2013 lac de Terranera)<\/h3>\n\n\n\n<ul class=\"wp-block-list\">\n<li><strong>Distance\/temps\u00a0:<\/strong> environ 1,7\u00a0km, 20\u00a0minutes .<\/li>\n\n\n\n<li><strong>Difficult\u00e9\u00a0:<\/strong> tr\u00e8s facile .<\/li>\n\n\n\n<li><strong>Description\u00a0:<\/strong> en partant de la plage de Barbarossa, un chemin en terre confortable monte doucement vers le petit lac et la plage de Terranera. En vingt minutes seulement on atteint cette crique calme, \u00e9galement adapt\u00e9e aux enfants .<\/li>\n<\/ul>\n\n\n\n<h3 class=\"wp-block-heading\">Sentiero&nbsp;della&nbsp;Salute (Biodola&nbsp;\u2013 Procchio)<\/h3>\n\n\n\n<ul class=\"wp-block-list\">\n<li><strong>Distance\/temps\u00a0:<\/strong> environ 2,8\u00a0km, 1\u00a0heure .<\/li>\n\n\n\n<li><strong>Difficult\u00e9\u00a0:<\/strong> tr\u00e8s facile ; d\u00e9nivel\u00e9 d\u2019environ 63\u00a0m .<\/li>\n\n\n\n<li><strong>Description\u00a0:<\/strong> connu sous le nom de \u00ab\u00a0Chemin de la sant\u00e9\u00a0\u00bb, il relie la longue plage de sable de Biodola \u00e0 celle de Procchio. Cette agr\u00e9able promenade d\u2019une heure traverse un maquis m\u00e9diterran\u00e9en bas et est presque plate. Elle est parfaite pour les enfants et ceux qui veulent une excursion relaxante .<\/li>\n<\/ul>\n\n\n\n<h3 class=\"wp-block-heading\">R\u00e9sum\u00e9 des itin\u00e9raires faciles<\/h3>\n\n\n\n<figure class=\"wp-block-table\"><table class=\"has-fixed-layout\"><thead><tr><th>Itin\u00e9raire<\/th><th>D\u00e9part<\/th><th>Arriv\u00e9e<\/th><th>Longueur<\/th><th>Dur\u00e9e<\/th><th>Difficult\u00e9<\/th><\/tr><\/thead><tbody><tr><td><strong>Passeggiata&nbsp;Carmignani<\/strong><\/td><td>Porto&nbsp;Azzurro<\/td><td>Plage de Barbarossa<\/td><td>1,6&nbsp;km<\/td><td>15&nbsp;min<\/td><td>Tr\u00e8s facile<\/td><\/tr><tr><td><strong>Promenade au lac de Terranera<\/strong><\/td><td>Plage de Barbarossa<\/td><td>Lac de Terranera<\/td><td>1,7&nbsp;km<\/td><td>20&nbsp;min<\/td><td>Tr\u00e8s facile<\/td><\/tr><tr><td><strong>Sentiero&nbsp;della&nbsp;Salute<\/strong><\/td><td>Biodola<\/td><td>Procchio<\/td><td>2,8&nbsp;km<\/td><td>1&nbsp;heure<\/td><td>Tr\u00e8s facile<\/td><\/tr><\/tbody><\/table><\/figure>\n\n\n\n<p>Ces itin\u00e9raires courts mais pittoresques sont d\u2019excellents exemples de promenades faciles sur Elbe .<\/p>\n\n\n\n<h2 class=\"wp-block-heading\">Conseils pour pr\u00e9parer une randonn\u00e9e facile sur Elbe<\/h2>\n\n\n\n<p>M\u00eame sur des sentiers simples, il est important de prendre certaines pr\u00e9cautions. Le guide recommande &nbsp;:<\/p>\n\n\n\n<ol class=\"wp-block-list\">\n<li>Porter des chaussures de marche ou de trekking confortables avec une semelle antid\u00e9rapante .<\/li>\n\n\n\n<li>Emporter beaucoup d\u2019eau, un chapeau et de la cr\u00e8me solaire, surtout en \u00e9t\u00e9 .<\/li>\n\n\n\n<li>Les chemins elbains sont bien entretenus, mais ayez toujours une carte ou utilisez des applications de trekking .<\/li>\n\n\n\n<li>En \u00e9t\u00e9, \u00e9vitez la chaleur de midi en marchant t\u00f4t le matin ou en fin d\u2019apr\u00e8s\u2011midi .<\/li>\n\n\n\n<li>Le printemps et l\u2019automne (temp\u00e9ratures autour de 14\u201317\u00a0\u00b0C) sont id\u00e9aux\u00a0: le temps est doux et la mer attire encore ceux qui cherchent \u00e0 se rafra\u00eechir apr\u00e8s la marche .<\/li>\n\n\n\n<li>En hiver, de nombreux sentiers restent accessibles, mais les services touristiques sont r\u00e9duits\u00a0; planifiez en cons\u00e9quence .<\/li>\n<\/ol>\n\n\n\n<h2 class=\"wp-block-heading\">Pourquoi l\u2019H\u00f4tel&nbsp;Giardino est-il une base id\u00e9ale pour le trekking sur Elbe&nbsp;?<\/h2>\n\n\n\n<p>L\u2019<strong>H\u00f4tel&nbsp;Giardino<\/strong>, situ\u00e9 dans la zone de Lacona de Capoliveri, est une propri\u00e9t\u00e9 familiale accueillante parfaitement int\u00e9gr\u00e9e dans la verdure&nbsp;: il se trouve dans un parc de pins de 30&nbsp;000\u201335&nbsp;000&nbsp;m\u00b2 . Sa position strat\u00e9gique le rend pratique \u00e0 la fois pour sa proximit\u00e9 avec la mer et pour explorer l\u2019\u00eele&nbsp;: il est \u00e0 seulement 100&nbsp;m de la longue plage dor\u00e9e de Lacona, accessible en quelques minutes via un chemin \u00e0 travers le parc .<\/p>\n\n\n\n<p>L\u2019h\u00f4tel se trouve \u00e9galement \u00e0 seulement 10\u201315&nbsp;minutes en voiture des principales villes de l\u2019\u00eele (Marina&nbsp;di&nbsp;Campo, Capoliveri, Porto&nbsp;Azzurro et Portoferraio), o\u00f9 commencent de nombreux itin\u00e9raires balis\u00e9s . Apr\u00e8s une randonn\u00e9e, la vaste plage de Lacona est id\u00e9ale pour se d\u00e9tendre ou jouer avec les enfants .<\/p>\n\n\n\n<h3 class=\"wp-block-heading\">Services pour les familles et les randonneurs<\/h3>\n\n\n\n<p>l\u2019H\u00f4tel&nbsp;Giardino propose des services utiles apr\u00e8s une journ\u00e9e en plein air &nbsp;:<\/p>\n\n\n\n<ul class=\"wp-block-list\">\n<li>Des chambres propres et confortables avec t\u00e9l\u00e9vision, air conditionn\u00e9 et coffre-fort ; beaucoup ont des balcons ou patios priv\u00e9s .<\/li>\n\n\n\n<li>Un vaste parking num\u00e9rot\u00e9 gratuit \u00e0 l\u2019int\u00e9rieur du jardin et le Wi\u2011Fi dans les zones communes .<\/li>\n\n\n\n<li>Un petit terrain de jeux, une table de ping\u2011pong et un baby\u2011foot pour les enfants .<\/li>\n\n\n\n<li>Une pin\u00e8de ombrag\u00e9e pour se d\u00e9tendre et un espace barbecue \u00e9quip\u00e9 .<\/li>\n\n\n\n<li>Un riche buffet petit d\u00e9jeuner avec des sp\u00e9cialit\u00e9s locales, et un restaurant servant des plats de cuisine maison vari\u00e9s adapt\u00e9s aux enfants .<\/li>\n\n\n\n<li>Un personnel amical toujours disponible pour fournir des informations sur les sentiers et la r\u00e9gion environnante .<\/li>\n<\/ul>\n\n\n\n<h3 class=\"wp-block-heading\">Que visiter pr\u00e8s de l\u2019H\u00f4tel&nbsp;Giardino<\/h3>\n\n\n\n<p>En plus de la plage de Lacona, de nombreuses attractions se trouvent \u00e0 proximit\u00e9 &nbsp;:<\/p>\n\n\n\n<ul class=\"wp-block-list\">\n<li><strong>Capoliveri\u00a0:<\/strong> village minier perch\u00e9 avec des rues pittoresques et un Mus\u00e9e de la mer ; la c\u00f4te autour de Capoliveri est riche de belles baies\u00a0: on y trouve les criques de Morcone, Pareti et Innamorata, et les plages tranquilles de Naregno, Madonna delle Grazie, Felciaio et Norsi . Les mines du Calamita sur le promontoire valent \u00e9galement une visite pour ceux qui s\u2019int\u00e9ressent \u00e0 l\u2019histoire mini\u00e8re .<\/li>\n\n\n\n<li><strong>Porto\u00a0Azzurro et Marina\u00a0di\u00a0Campo\u00a0:<\/strong> villes maritimes caract\u00e9ristiques avec des fortifications, de petits ports et des services touristiques .<\/li>\n\n\n\n<li><strong>Zone du golfe de Lacona\u00a0:<\/strong> comprend une petite grotte chr\u00e9tienne (la \u00ab\u00a0Troisi\u00e8me plage\u00a0\u00bb de Lacona) et de nombreux sentiers naturalistes\u00a0; le promontoire voisin de Margidore est id\u00e9al pour une promenade en bord de mer .<\/li>\n<\/ul>\n\n\n\n<p>L\u2019H\u00f4tel&nbsp;Giardino se trouve donc au c\u0153ur d\u2019un environnement naturel prot\u00e9g\u00e9 tout en \u00e9tant \u00e0 seulement 10\u201315&nbsp;minutes des principaux centres urbains et culturels .<\/p>\n\n\n\n<h2 class=\"wp-block-heading\">Comment rejoindre l\u2019Elbe et conseils logistiques<\/h2>\n\n\n\n<p>Elbe est facilement accessible par ferry depuis le port de <strong>Piombino Marittima<\/strong> (travers\u00e9e d\u2019environ 1&nbsp;heure) . Les principales compagnies (Toremar, Moby Lines, BluNavy) effectuent de nombreuses travers\u00e9es quotidiennes vers <strong>Portoferraio<\/strong>, et il existe des liaisons avec les ports plus petits de <strong>Rio&nbsp;Marina<\/strong> et <strong>Cavo<\/strong> . Gr\u00e2ce aux accords avec l\u2019h\u00f4tel, les clients peuvent r\u00e9server des billets de ferry \u00e0 tarifs r\u00e9duits .<\/p>\n\n\n\n<p>\u00c0 votre arriv\u00e9e, vous trouverez une large gamme de locations (voiture, scooter, v\u00e9lo et e\u2011bike) \u00e0 Lacona et Capoliveri . Ces locations facilitent l\u2019exploration de l\u2019\u00eele et l\u2019acc\u00e8s aux points de d\u00e9part des sentiers . En \u00e9t\u00e9, il existe des lignes de bus publics et des services de navette vers les plages, mais pour la randonn\u00e9e, la voiture reste la meilleure solution . L\u2019H\u00f4tel&nbsp;Giardino dispose d\u2019un parking priv\u00e9 ombrag\u00e9 et de locaux s\u00e9curis\u00e9s pour les v\u00e9los .<\/p>\n\n\n\n<h2 class=\"wp-block-heading\">Quelle est la meilleure saison pour le trekking sur l\u2019\u00eele d\u2019Elbe&nbsp;?<\/h2>\n\n\n\n<p>Le climat doux de l\u2019Elbe (moyenne annuelle ~15\u201316&nbsp;\u00b0C) permet de randonner presque toute l\u2019ann\u00e9e . Cependant, les mi-saisons (avril\u2013mai et septembre\u2013octobre) sont les plus adapt\u00e9es&nbsp;: les temp\u00e9ratures de printemps et d\u2019automne (14\u201317&nbsp;\u00b0C) rendent les excursions agr\u00e9ables, la v\u00e9g\u00e9tation est luxuriante et l\u2019affluence estivale est r\u00e9duite . Juin\u2013septembre est \u00e9galement acceptable pour le trekking, mais il est recommand\u00e9 de partir t\u00f4t le matin pour \u00e9viter la chaleur de l\u2019apr\u00e8s\u2011midi . En hiver, de nombreux sentiers de basse altitude restent accessibles, en particulier le long de la c\u00f4te et dans la zone des Colli di&nbsp;Lacona ; cependant, il faut v\u00e9rifier l\u2019ouverture des infrastructures car certains h\u00f4tels et restaurants ferment en basse saison .<\/p>\n\n\n\n<h2 class=\"wp-block-heading\">Contacts utiles et num\u00e9ros d\u2019urgence<\/h2>\n\n\n\n<p>Pour les urgences sur Elbe, utilisez les num\u00e9ros et contacts suivants &nbsp;:<\/p>\n\n\n\n<figure class=\"wp-block-table\"><table class=\"has-fixed-layout\"><thead><tr><th>Service \/ Bureau<\/th><th>Contact<\/th><\/tr><\/thead><tbody><tr><td><strong>H\u00f4tel&nbsp;Giardino (Lacona, Capoliveri)<\/strong><\/td><td>T\u00e9l.&nbsp;+39&nbsp;0565&nbsp;964059 \u2013 Mob.&nbsp;+39&nbsp;335&nbsp;7925420 \u2013 Email info@elbahotelgiardino.it<\/td><\/tr><tr><td><strong>Urgence g\u00e9n\u00e9rale (NUE)<\/strong><\/td><td>112 (gratuit&nbsp;; dispatch police, carabiniers et pompiers)<\/td><\/tr><tr><td><strong>Ambulance<\/strong><\/td><td>118<\/td><\/tr><tr><td><strong>Pompiers<\/strong><\/td><td>115<\/td><\/tr><tr><td><strong>Police (Portoferraio)<\/strong><\/td><td>T\u00e9l.&nbsp;0565&nbsp;919511<\/td><\/tr><tr><td><strong>Carabiniers (Capoliveri)<\/strong><\/td><td>T\u00e9l.&nbsp;0565&nbsp;968401<\/td><\/tr><tr><td><strong>Service des urgences (Portoferraio)<\/strong><\/td><td>T\u00e9l.&nbsp;0565&nbsp;926111<\/td><\/tr><tr><td><strong>Point INFO Lacona (\u00e9t\u00e9)<\/strong><\/td><td>Pro&nbsp;Loco Lacona, T\u00e9l.&nbsp;+39&nbsp;0565&nbsp;967650<\/td><\/tr><tr><td><strong>Pro&nbsp;Loco Campo nell\u2019Elba<\/strong><\/td><td>T\u00e9l.&nbsp;+39&nbsp;0565&nbsp;976792<\/td><\/tr><tr><td><strong>Pro&nbsp;Loco Capoliveri<\/strong><\/td><td>T\u00e9l.&nbsp;+39&nbsp;0565&nbsp;967650 \/ +39&nbsp;339&nbsp;3307145<\/td><\/tr><tr><td><strong>Location voiture\/scooter<\/strong><\/td><td>Nombreux bureaux \u00e0 Lacona et Capoliveri<\/td><\/tr><\/tbody><\/table><\/figure>\n\n\n\n<h2 class=\"wp-block-heading\">Conclusion<\/h2>\n\n\n\n<p>L\u2019<strong>H\u00f4tel&nbsp;Giardino<\/strong> de Lacona est l\u2019endroit id\u00e9al pour commencer des excursions faciles sur l\u2019Elbe . La proximit\u00e9 de la plage et de la nature, combin\u00e9e \u00e0 des services accueillants pour les familles (aire de jeux, petit d\u00e9jeuner copieux, parking), en font la base parfaite apr\u00e8s une journ\u00e9e de marche . Depuis l\u2019h\u00f4tel, vous pouvez facilement acc\u00e9der \u00e0 des itin\u00e9raires courts et panoramiques, tandis qu\u2019\u00e0 proximit\u00e9 vous pouvez alterner les journ\u00e9es de d\u00e9tente \u00e0 la plage (Lacona, Margidore, Lido), les visites de villages historiques (Capoliveri, Porto&nbsp;Azzurro) et les promenades en for\u00eat . Tout cela garantit des vacances actives adapt\u00e9es aux familles. Bon trekking&nbsp;!<\/p>\n\n\n\n<h5 class=\"wp-block-heading\">H\u00f4tel Giardino<\/h5>\n\n\n\n<p>Viale dei Golfi, 936 &#8211; Lacona, Capoliveri<br>\u00cele d\u2019Elbe<br>P.&nbsp;IVA&nbsp;01095550495<br>N\u00b0&nbsp;CIN&nbsp;IT049004A1LGL7OIO9<\/p>\n\n\n\n<h5 class=\"wp-block-heading\">Contacts<\/h5>\n\n\n\n<p>Tel&nbsp;: +39.0565.964059<br>Mobile&nbsp;: +39.335.7925420<br>Email&nbsp;: info@elbahotelgiardino.it<\/p>\n","protected":false},"excerpt":{"rendered":"<p>Introduction L\u2019\u00eele d\u2019Elbe est une destination parfaite pour ceux qui aiment s\u2019immerger dans la nature et d\u00e9couvrir des paysages \u00e9poustouflants \u00e0 un rythme tranquille. Avec des chemins panoramiques, des plages dor\u00e9es, des bois parfum\u00e9s et de petits villages surplombant la mer, Elbe offre une vari\u00e9t\u00e9 incroyable d\u2019itin\u00e9raires adapt\u00e9s \u00e0 tous, m\u00eame \u00e0 ceux qui recherchent&#8230;<\/p>\n","protected":false},"author":4,"featured_media":0,"parent":0,"menu_order":0,"comment_status":"closed","ping_status":"closed","template":"hotel-with-booking.php","meta":{"footnotes":""},"class_list":["post-10059","page","type-page","status-publish","hentry"],"_links":{"self":[{"href":"https:\/\/www.elbahotelgiardino.it\/fr\/wp-json\/wp\/v2\/pages\/10059","targetHints":{"allow":["GET"]}}],"collection":[{"href":"https:\/\/www.elbahotelgiardino.it\/fr\/wp-json\/wp\/v2\/pages"}],"about":[{"href":"https:\/\/www.elbahotelgiardino.it\/fr\/wp-json\/wp\/v2\/types\/page"}],"author":[{"embeddable":true,"href":"https:\/\/www.elbahotelgiardino.it\/fr\/wp-json\/wp\/v2\/users\/4"}],"replies":[{"embeddable":true,"href":"https:\/\/www.elbahotelgiardino.it\/fr\/wp-json\/wp\/v2\/comments?post=10059"}],"version-history":[{"count":1,"href":"https:\/\/www.elbahotelgiardino.it\/fr\/wp-json\/wp\/v2\/pages\/10059\/revisions"}],"predecessor-version":[{"id":10060,"href":"https:\/\/www.elbahotelgiardino.it\/fr\/wp-json\/wp\/v2\/pages\/10059\/revisions\/10060"}],"wp:attachment":[{"href":"https:\/\/www.elbahotelgiardino.it\/fr\/wp-json\/wp\/v2\/media?parent=10059"}],"curies":[{"name":"wp","href":"https:\/\/api.w.org\/{rel}","templated":true}]}}