{"id":7801,"date":"2025-02-24T15:09:07","date_gmt":"2025-02-24T14:09:07","guid":{"rendered":"https:\/\/www.elbahotelgiardino.it\/isola-delba\/"},"modified":"2025-10-03T10:49:39","modified_gmt":"2025-10-03T08:49:39","slug":"ile-delbe","status":"publish","type":"page","link":"https:\/\/www.elbahotelgiardino.it\/fr\/ile-delbe\/","title":{"rendered":"\u00cele d\u2019Elbe"},"content":{"rendered":"\t\t<div data-elementor-type=\"wp-page\" data-elementor-id=\"7801\" class=\"elementor elementor-7801 elementor-6477\">\n\t\t\t\t<div class=\"no elementor-element elementor-element-96a8edf e-flex e-con-boxed rt-default-class e-con e-parent\" data-id=\"96a8edf\" data-element_type=\"container\">\n\t\t\t\t\t<div class=\"e-con-inner\">\n\t\t\t\t<div class=\"elementor-element elementor-element-73a7660 elementor-widget elementor-widget-html\" data-id=\"73a7660\" data-element_type=\"widget\" data-widget_type=\"html.default\">\n\t\t\t\t<div class=\"elementor-widget-container\">\n\t\t\t\t\t<div class=\"quickSearch\"><\/div>\t\t\t\t<\/div>\n\t\t\t\t<\/div>\n\t\t\t\t\t<\/div>\n\t\t\t\t<\/div>\n\t\t<div class=\"no elementor-element elementor-element-cd3fc20 e-flex e-con-boxed rt-default-class e-con e-parent\" data-id=\"cd3fc20\" data-element_type=\"container\">\n\t\t\t\t\t<div class=\"e-con-inner\">\n\t\t<div class=\"no elementor-element elementor-element-e3edccb e-con-full e-flex rt-default-class e-con e-child\" data-id=\"e3edccb\" data-element_type=\"container\">\n\t\t\t\t<div class=\"elementor-element elementor-element-518fb3e elementor-widget elementor-widget-image\" data-id=\"518fb3e\" data-element_type=\"widget\" data-widget_type=\"image.default\">\n\t\t\t\t<div class=\"elementor-widget-container\">\n\t\t\t\t\t\t\t\t\t\t\t\t\t\t\t<img fetchpriority=\"high\" decoding=\"async\" width=\"750\" height=\"850\" src=\"https:\/\/www.elbahotelgiardino.it\/wp-content\/uploads\/2025\/02\/spiaggia-lacona-1.jpg\" class=\"attachment-full size-full wp-image-6505\" alt=\"Spiaggia di Lacona\" srcset=\"https:\/\/www.elbahotelgiardino.it\/wp-content\/uploads\/2025\/02\/spiaggia-lacona-1.jpg 750w, https:\/\/www.elbahotelgiardino.it\/wp-content\/uploads\/2025\/02\/spiaggia-lacona-1-265x300.jpg 265w, https:\/\/www.elbahotelgiardino.it\/wp-content\/uploads\/2025\/02\/spiaggia-lacona-1-600x680.jpg 600w\" sizes=\"(max-width: 750px) 100vw, 750px\" \/>\t\t\t\t\t\t\t\t\t\t\t\t\t\t\t<\/div>\n\t\t\t\t<\/div>\n\t\t\t\t<div class=\"elementor-element elementor-element-f5e9ec8 elementor-widget elementor-widget-image\" data-id=\"f5e9ec8\" data-element_type=\"widget\" data-widget_type=\"image.default\">\n\t\t\t\t<div class=\"elementor-widget-container\">\n\t\t\t\t\t\t\t\t\t\t\t\t\t\t\t<img decoding=\"async\" width=\"750\" height=\"1000\" src=\"https:\/\/www.elbahotelgiardino.it\/wp-content\/uploads\/2025\/02\/spiaggia-lacona-16.jpg\" class=\"attachment-full size-full wp-image-6503\" alt=\"Spiaggia di Lacona\" srcset=\"https:\/\/www.elbahotelgiardino.it\/wp-content\/uploads\/2025\/02\/spiaggia-lacona-16.jpg 750w, https:\/\/www.elbahotelgiardino.it\/wp-content\/uploads\/2025\/02\/spiaggia-lacona-16-225x300.jpg 225w, https:\/\/www.elbahotelgiardino.it\/wp-content\/uploads\/2025\/02\/spiaggia-lacona-16-600x800.jpg 600w\" sizes=\"(max-width: 750px) 100vw, 750px\" \/>\t\t\t\t\t\t\t\t\t\t\t\t\t\t\t<\/div>\n\t\t\t\t<\/div>\n\t\t\t\t<\/div>\n\t\t<div class=\"no elementor-element elementor-element-9db5d67 e-con-full e-flex rt-default-class e-con e-child\" data-id=\"9db5d67\" data-element_type=\"container\">\n\t\t\t\t<div class=\"elementor-element elementor-element-346a7d2 elementor-widget__width-initial elementor-widget-mobile__width-inherit elementor-invisible elementor-widget elementor-widget-heading\" data-id=\"346a7d2\" data-element_type=\"widget\" data-settings=\"{&quot;_animation&quot;:&quot;fadeInUp&quot;,&quot;_animation_delay&quot;:200}\" data-widget_type=\"heading.default\">\n\t\t\t\t<div class=\"elementor-widget-container\">\n\t\t\t\t\t<h2 class=\"elementor-heading-title elementor-size-default\">Nature, histoire et mer cristalline<\/h2>\t\t\t\t<\/div>\n\t\t\t\t<\/div>\n\t\t\t\t<div class=\"elementor-element elementor-element-b6fb4b7 elementor-invisible elementor-widget elementor-widget-text-editor\" data-id=\"b6fb4b7\" data-element_type=\"widget\" data-settings=\"{&quot;_animation&quot;:&quot;fadeInUp&quot;,&quot;_animation_delay&quot;:400}\" data-widget_type=\"text-editor.default\">\n\t\t\t\t<div class=\"elementor-widget-container\">\n\t\t\t\t\t\t\t\t\t<p>Avec ses 224 km\u00b2, l\u2019\u00cele d\u2019Elbe est la troisi\u00e8me \u00eele italienne par sa superficie et la plus grande de l\u2019Archipel Toscan. Situ\u00e9e \u00e0 seulement 10 km de la c\u00f4te, elle est facilement accessible depuis Piombino Marittima gr\u00e2ce aux nombreux ferries et hydropt\u00e8res qui assurent des travers\u00e9es quotidiennes, reliant l\u2019\u00eele en environ une heure de navigation.<\/p><p>L\u2019Elbe compte environ 35 000 habitants r\u00e9partis dans sept communes. Portoferraio, le chef-lieu, est le centre le plus peupl\u00e9 avec environ 12 000 r\u00e9sidents. Les autres communes sont Capoliveri, Campo nell\u2019Elba, Porto Azzurro, Marciana, Marciana Marina et Rio.<\/p>\t\t\t\t\t\t\t\t<\/div>\n\t\t\t\t<\/div>\n\t\t\t\t<\/div>\n\t\t\t\t\t<\/div>\n\t\t\t\t<\/div>\n\t\t<div class=\"no elementor-element elementor-element-0176c19 e-con-full e-flex rt-default-class e-con e-parent\" data-id=\"0176c19\" data-element_type=\"container\" data-settings=\"{&quot;background_background&quot;:&quot;classic&quot;}\">\n\t\t\t\t<div class=\"elementor-element elementor-element-11f6010 elementor-widget elementor-widget-image\" data-id=\"11f6010\" data-element_type=\"widget\" data-widget_type=\"image.default\">\n\t\t\t\t<div class=\"elementor-widget-container\">\n\t\t\t\t\t\t\t\t\t\t\t\t\t\t\t<img decoding=\"async\" width=\"1920\" height=\"1080\" src=\"https:\/\/www.elbahotelgiardino.it\/wp-content\/uploads\/2025\/02\/mare-elba-24.jpg\" class=\"attachment-full size-full wp-image-6486\" alt=\"Mare cristallino dell&#039;Isola d&#039;Elba\" srcset=\"https:\/\/www.elbahotelgiardino.it\/wp-content\/uploads\/2025\/02\/mare-elba-24.jpg 1920w, https:\/\/www.elbahotelgiardino.it\/wp-content\/uploads\/2025\/02\/mare-elba-24-300x169.jpg 300w, https:\/\/www.elbahotelgiardino.it\/wp-content\/uploads\/2025\/02\/mare-elba-24-1024x576.jpg 1024w, https:\/\/www.elbahotelgiardino.it\/wp-content\/uploads\/2025\/02\/mare-elba-24-768x432.jpg 768w, https:\/\/www.elbahotelgiardino.it\/wp-content\/uploads\/2025\/02\/mare-elba-24-1536x864.jpg 1536w, https:\/\/www.elbahotelgiardino.it\/wp-content\/uploads\/2025\/02\/mare-elba-24-600x338.jpg 600w\" sizes=\"(max-width: 1920px) 100vw, 1920px\" \/>\t\t\t\t\t\t\t\t\t\t\t\t\t\t\t<\/div>\n\t\t\t\t<\/div>\n\t\t\t\t<\/div>\n\t\t<div class=\"no elementor-element elementor-element-8622410 e-flex e-con-boxed rt-default-class e-con e-parent\" data-id=\"8622410\" data-element_type=\"container\">\n\t\t\t\t\t<div class=\"e-con-inner\">\n\t\t<div class=\"no elementor-element elementor-element-41626c5 e-con-full e-flex rt-default-class e-con e-child\" data-id=\"41626c5\" data-element_type=\"container\">\n\t\t\t\t<div class=\"elementor-element elementor-element-4a24449 elementor-widget__width-initial elementor-widget-mobile__width-inherit elementor-invisible elementor-widget elementor-widget-heading\" data-id=\"4a24449\" data-element_type=\"widget\" data-settings=\"{&quot;_animation&quot;:&quot;fadeInUp&quot;,&quot;_animation_delay&quot;:200}\" data-widget_type=\"heading.default\">\n\t\t\t\t<div class=\"elementor-widget-container\">\n\t\t\t\t\t<h2 class=\"elementor-heading-title elementor-size-default\">Une \u00eele aux mille facettes<\/h2>\t\t\t\t<\/div>\n\t\t\t\t<\/div>\n\t\t\t\t<div class=\"elementor-element elementor-element-2cbd784 elementor-invisible elementor-widget elementor-widget-text-editor\" data-id=\"2cbd784\" data-element_type=\"widget\" data-settings=\"{&quot;_animation&quot;:&quot;fadeInUp&quot;,&quot;_animation_delay&quot;:400}\" data-widget_type=\"text-editor.default\">\n\t\t\t\t<div class=\"elementor-widget-container\">\n\t\t\t\t\t\t\t\t\t<p>Malgr\u00e9 un littoral de seulement 147 km, l\u2019\u00cele d\u2019Elbe offre des paysages d\u2019une vari\u00e9t\u00e9 extraordinaire. Des villages de p\u00eacheurs aux forteresses m\u00e9di\u00e9vales, des plages dor\u00e9es et criques de galets aux falaises abruptes plongeant dans la mer, l\u2019Elbe est une destination qui surprend \u00e0 chaque d\u00e9tour.<\/p><p>Son territoire est domin\u00e9 par le mont Capanne qui, avec ses 1 019 m\u00e8tres, est le sommet le plus \u00e9lev\u00e9 de l\u2019archipel. En quelques minutes, on passe des falaises surplombant la mer turquoise aux for\u00eats luxuriantes et aux panoramas \u00e0 couper le souffle embrassant tout l\u2019archipel.<\/p><p>Au-del\u00e0 de ses beaut\u00e9s naturelles, l\u2019Elbe conserve un riche patrimoine historique et culturel, avec des traces allant des \u00c9trusques aux Romains, des fortifications m\u00e9dic\u00e9ennes jusqu\u2019\u00e0 l\u2019\u00e9poque napol\u00e9onienne. Cet \u00e9quilibre entre nature, histoire et traditions fait de l\u2019\u00cele d\u2019Elbe une destination unique au monde, parfaite pour ceux qui recherchent mer, randonn\u00e9es et culture.<\/p>\t\t\t\t\t\t\t\t<\/div>\n\t\t\t\t<\/div>\n\t\t\t\t<\/div>\n\t\t<div class=\"no elementor-element elementor-element-d6ffe02 e-con-full e-flex rt-default-class e-con e-child\" data-id=\"d6ffe02\" data-element_type=\"container\">\n\t\t\t\t<div class=\"elementor-element elementor-element-45b0b77 elementor-widget elementor-widget-image\" data-id=\"45b0b77\" data-element_type=\"widget\" data-widget_type=\"image.default\">\n\t\t\t\t<div class=\"elementor-widget-container\">\n\t\t\t\t\t\t\t\t\t\t\t\t\t\t\t<img loading=\"lazy\" decoding=\"async\" width=\"750\" height=\"1000\" src=\"https:\/\/www.elbahotelgiardino.it\/wp-content\/uploads\/2025\/02\/capoliveri-IE_1118.jpg\" class=\"attachment-full size-full wp-image-6510\" alt=\"Piazza Giacomo Matteotti a Capoliveri\" srcset=\"https:\/\/www.elbahotelgiardino.it\/wp-content\/uploads\/2025\/02\/capoliveri-IE_1118.jpg 750w, https:\/\/www.elbahotelgiardino.it\/wp-content\/uploads\/2025\/02\/capoliveri-IE_1118-225x300.jpg 225w, https:\/\/www.elbahotelgiardino.it\/wp-content\/uploads\/2025\/02\/capoliveri-IE_1118-600x800.jpg 600w\" sizes=\"(max-width: 750px) 100vw, 750px\" \/>\t\t\t\t\t\t\t\t\t\t\t\t\t\t\t<\/div>\n\t\t\t\t<\/div>\n\t\t\t\t<div class=\"elementor-element elementor-element-29c970f elementor-widget elementor-widget-image\" data-id=\"29c970f\" data-element_type=\"widget\" data-widget_type=\"image.default\">\n\t\t\t\t<div class=\"elementor-widget-container\">\n\t\t\t\t\t\t\t\t\t\t\t\t\t\t\t<img loading=\"lazy\" decoding=\"async\" width=\"750\" height=\"850\" src=\"https:\/\/www.elbahotelgiardino.it\/wp-content\/uploads\/2025\/02\/monte-capanne-IE_0029.jpg\" class=\"attachment-full size-full wp-image-6506\" alt=\"Vista sul Monte Capanne ripreso con il drone\" srcset=\"https:\/\/www.elbahotelgiardino.it\/wp-content\/uploads\/2025\/02\/monte-capanne-IE_0029.jpg 750w, https:\/\/www.elbahotelgiardino.it\/wp-content\/uploads\/2025\/02\/monte-capanne-IE_0029-265x300.jpg 265w, https:\/\/www.elbahotelgiardino.it\/wp-content\/uploads\/2025\/02\/monte-capanne-IE_0029-600x680.jpg 600w\" sizes=\"(max-width: 750px) 100vw, 750px\" \/>\t\t\t\t\t\t\t\t\t\t\t\t\t\t\t<\/div>\n\t\t\t\t<\/div>\n\t\t\t\t<\/div>\n\t\t\t\t\t<\/div>\n\t\t\t\t<\/div>\n\t\t\t\t<\/div>\n\t\t","protected":false},"excerpt":{"rendered":"<p>Nature, histoire et mer cristalline Avec ses 224 km\u00b2, l\u2019\u00cele d\u2019Elbe est la troisi\u00e8me \u00eele italienne par sa superficie et la plus grande de l\u2019Archipel Toscan. Situ\u00e9e \u00e0 seulement 10 km de la c\u00f4te, elle est facilement accessible depuis Piombino Marittima gr\u00e2ce aux nombreux ferries et hydropt\u00e8res qui assurent des travers\u00e9es quotidiennes, reliant l\u2019\u00eele en&#8230;<\/p>\n","protected":false},"author":2,"featured_media":0,"parent":0,"menu_order":0,"comment_status":"closed","ping_status":"closed","template":"elementor_header_footer","meta":{"footnotes":""},"class_list":["post-7801","page","type-page","status-publish","hentry"],"_links":{"self":[{"href":"https:\/\/www.elbahotelgiardino.it\/fr\/wp-json\/wp\/v2\/pages\/7801","targetHints":{"allow":["GET"]}}],"collection":[{"href":"https:\/\/www.elbahotelgiardino.it\/fr\/wp-json\/wp\/v2\/pages"}],"about":[{"href":"https:\/\/www.elbahotelgiardino.it\/fr\/wp-json\/wp\/v2\/types\/page"}],"author":[{"embeddable":true,"href":"https:\/\/www.elbahotelgiardino.it\/fr\/wp-json\/wp\/v2\/users\/2"}],"replies":[{"embeddable":true,"href":"https:\/\/www.elbahotelgiardino.it\/fr\/wp-json\/wp\/v2\/comments?post=7801"}],"version-history":[{"count":5,"href":"https:\/\/www.elbahotelgiardino.it\/fr\/wp-json\/wp\/v2\/pages\/7801\/revisions"}],"predecessor-version":[{"id":7950,"href":"https:\/\/www.elbahotelgiardino.it\/fr\/wp-json\/wp\/v2\/pages\/7801\/revisions\/7950"}],"wp:attachment":[{"href":"https:\/\/www.elbahotelgiardino.it\/fr\/wp-json\/wp\/v2\/media?parent=7801"}],"curies":[{"name":"wp","href":"https:\/\/api.w.org\/{rel}","templated":true}]}}