{"id":7822,"date":"2025-02-24T12:10:49","date_gmt":"2025-02-24T11:10:49","guid":{"rendered":"https:\/\/www.elbahotelgiardino.it\/prenotazione-traghetto\/blu-navy\/"},"modified":"2025-10-06T10:46:59","modified_gmt":"2025-10-06T08:46:59","slug":"blu-navy","status":"publish","type":"page","link":"https:\/\/www.elbahotelgiardino.it\/fr\/reservation-ferry\/blu-navy\/","title":{"rendered":"Blu Navy"},"content":{"rendered":"\t\t<div data-elementor-type=\"wp-page\" data-elementor-id=\"7822\" class=\"elementor elementor-7822 elementor-6382\">\n\t\t\t\t<div class=\"no elementor-element elementor-element-cd3fc20 e-con-full e-flex rt-default-class e-con e-parent\" data-id=\"cd3fc20\" data-element_type=\"container\">\n\t\t\t\t<div class=\"elementor-element elementor-element-ca87a72 elementor-widget__width-initial elementor-widget elementor-widget-html\" data-id=\"ca87a72\" data-element_type=\"widget\" data-widget_type=\"html.default\">\n\t\t\t\t<div class=\"elementor-widget-container\">\n\t\t\t\t\t<div style=\"margin: 0 auto;\"><iframe style=\"border: none; filter:drop-shadow(0px 3px 10px rgba(0,0,0,.2));\" src=\"https:\/\/blunavytraghetti.com\/fr\/hotel\/hotel-giardino\/\/?iframe=banner\" width=\"100%\" height=\"100%\" allowtransparency=\"true\" class=\"blunavyembed\"><\/iframe><script src=\"https:\/\/blunavytraghetti.com\/wp-content\/themes\/cosmo\/assets\/js\/iframe\/embed.js\"><\/script><span style=\" font-family: sans-serif; color: #292C7E; font-size: 14px; padding-top: 10px;display: flex; align-items:center; justify-content:center; flex-wrap: wrap; gap: 10px; vertical-gap: 10px; \">Un service de travers\u00e9e en ferry vers l'\u00eele d'Elbe propos\u00e9 par <a style=\"font-family: sans-serif; color: #292C7E; font-size: 14px; text-decoration: none;\" href=\"https:\/\/blunavytraghetti.com\/fr\/?utm_source=snippet-embed\">Blunavytraghetti.com<\/a> <a href=\"https:\/\/blunavytraghetti.com\/fr\/?utm_source=snippet-embed\"><img decoding=\"async\" style=\"width: 80px;\" src=\"https:\/\/blunavytraghetti.com\/wp-content\/themes\/cosmo\/assets\/images\/logo-blunavy-traghetti.png\" alt=\"Logo BluNavy traghetti Elba\"\/><\/a><\/span><\/div>\t\t\t\t<\/div>\n\t\t\t\t<\/div>\n\t\t\t\t<\/div>\n\t\t\t\t<\/div>\n\t\t","protected":false},"excerpt":{"rendered":"<p>Un service de travers\u00e9e en ferry vers l&#8217;\u00eele d&#8217;Elbe propos\u00e9 par Blunavytraghetti.com<\/p>\n","protected":false},"author":2,"featured_media":0,"parent":7821,"menu_order":0,"comment_status":"closed","ping_status":"closed","template":"elementor_header_footer","meta":{"footnotes":""},"class_list":["post-7822","page","type-page","status-publish","hentry"],"_links":{"self":[{"href":"https:\/\/www.elbahotelgiardino.it\/fr\/wp-json\/wp\/v2\/pages\/7822","targetHints":{"allow":["GET"]}}],"collection":[{"href":"https:\/\/www.elbahotelgiardino.it\/fr\/wp-json\/wp\/v2\/pages"}],"about":[{"href":"https:\/\/www.elbahotelgiardino.it\/fr\/wp-json\/wp\/v2\/types\/page"}],"author":[{"embeddable":true,"href":"https:\/\/www.elbahotelgiardino.it\/fr\/wp-json\/wp\/v2\/users\/2"}],"replies":[{"embeddable":true,"href":"https:\/\/www.elbahotelgiardino.it\/fr\/wp-json\/wp\/v2\/comments?post=7822"}],"version-history":[{"count":4,"href":"https:\/\/www.elbahotelgiardino.it\/fr\/wp-json\/wp\/v2\/pages\/7822\/revisions"}],"predecessor-version":[{"id":8049,"href":"https:\/\/www.elbahotelgiardino.it\/fr\/wp-json\/wp\/v2\/pages\/7822\/revisions\/8049"}],"up":[{"embeddable":true,"href":"https:\/\/www.elbahotelgiardino.it\/fr\/wp-json\/wp\/v2\/pages\/7821"}],"wp:attachment":[{"href":"https:\/\/www.elbahotelgiardino.it\/fr\/wp-json\/wp\/v2\/media?parent=7822"}],"curies":[{"name":"wp","href":"https:\/\/api.w.org\/{rel}","templated":true}]}}